{"id":16,"date":"2025-12-23T13:10:46","date_gmt":"2025-12-23T13:10:46","guid":{"rendered":"https:\/\/ibitiguaiara.frii.site\/?page_id=16"},"modified":"2025-12-23T15:48:55","modified_gmt":"2025-12-23T15:48:55","slug":"ibitiguaia","status":"publish","type":"page","link":"https:\/\/ibitiguaiara.frii.site\/?page_id=16","title":{"rendered":"Ibitiguaia"},"content":{"rendered":"\n<p><strong>O Ibitiguaia \u00e9 a regi\u00e3o que corresponde ao grande vale que corta ao meio a serra da Mantiqueira.<\/strong> O vale cobre principalmente a bacia do <strong>rio Pomba<\/strong> (at\u00e9 desaguar no Para\u00edba do Sul) e segue a margem esquerda do Para\u00edba do Sul at\u00e9 desaguar no oceano Atl\u00e2ntico.<\/p>\n\n\n\n<p><strong>O nome vem do tupi-antigo &#8220;Ybytyg\u00fba\u00eea&#8221;<\/strong>, significando simplesmente <strong>&#8220;Vale&#8221;<\/strong>. Eu escolhi o nome por que n\u00e3o consegui encontrar nenhum nome (oficial ou n\u00e3o) para essa regi\u00e3o t\u00e3o vasta e t\u00e3o contrastante com o entorno.<\/p>\n\n\n\n<p>J\u00e1 <strong>Ibitiguaiara tamb\u00e9m vem do tupi<\/strong>, sendo a jun\u00e7\u00e3o de <strong>&#8220;Ybytyg\u00fba\u00eea&#8221; com o sufixo &#8220;-ara&#8221;<\/strong>, que indica gent\u00edlico (como &#8220;manauara&#8221; para algu\u00e9m de Manaus ou &#8220;marajoara&#8221; para algu\u00e9m do Maraj\u00f3).<\/p>\n\n\n\n<p>Abaixo, alguns mapas da regi\u00e3o.<\/p>\n\n\n\n<figure class=\"wp-block-image size-large\"><img loading=\"lazy\" decoding=\"async\" width=\"1024\" height=\"627\" src=\"https:\/\/ibitiguaiara.frii.site\/wp-content\/uploads\/2025\/12\/1000027085-1024x627.png\" alt=\"\" class=\"wp-image-19\" srcset=\"https:\/\/ibitiguaiara.frii.site\/wp-content\/uploads\/2025\/12\/1000027085-1024x627.png 1024w, https:\/\/ibitiguaiara.frii.site\/wp-content\/uploads\/2025\/12\/1000027085-300x184.png 300w, https:\/\/ibitiguaiara.frii.site\/wp-content\/uploads\/2025\/12\/1000027085-768x470.png 768w, https:\/\/ibitiguaiara.frii.site\/wp-content\/uploads\/2025\/12\/1000027085-1536x940.png 1536w, https:\/\/ibitiguaiara.frii.site\/wp-content\/uploads\/2025\/12\/1000027085.png 1701w\" sizes=\"auto, (max-width: 1024px) 100vw, 1024px\" \/><figcaption class=\"wp-element-caption\">Mapa das principais cidades da regi\u00e3o e do entorno. Sendo um mapa topogr\u00e1fico, voc\u00ea pode ver que a regi\u00e3o \u00e9 muito mais baixa que o entorno.<\/figcaption><\/figure>\n\n\n\n<p>Para ver mais, voc\u00ea pode visitar a p\u00e1gina <a href=\"https:\/\/ibitiguaiara.frii.site\/?page_id=20\" data-type=\"page\" data-id=\"20\">Mapas<\/a>.<\/p>\n","protected":false},"excerpt":{"rendered":"<p>O Ibitiguaia \u00e9 a regi\u00e3o que corresponde ao grande vale que corta ao meio a serra da Mantiqueira. O vale cobre principalmente a bacia do rio Pomba (at\u00e9 desaguar no Para\u00edba do Sul) e segue a margem esquerda do Para\u00edba do Sul at\u00e9 desaguar no oceano Atl\u00e2ntico. O nome vem do tupi-antigo &#8220;Ybytyg\u00fba\u00eea&#8221;, significando simplesmente [&hellip;]<\/p>\n","protected":false},"author":1,"featured_media":0,"parent":0,"menu_order":0,"comment_status":"closed","ping_status":"closed","template":"","meta":{"footnotes":""},"class_list":["post-16","page","type-page","status-publish","hentry"],"_links":{"self":[{"href":"https:\/\/ibitiguaiara.frii.site\/index.php?rest_route=\/wp\/v2\/pages\/16","targetHints":{"allow":["GET"]}}],"collection":[{"href":"https:\/\/ibitiguaiara.frii.site\/index.php?rest_route=\/wp\/v2\/pages"}],"about":[{"href":"https:\/\/ibitiguaiara.frii.site\/index.php?rest_route=\/wp\/v2\/types\/page"}],"author":[{"embeddable":true,"href":"https:\/\/ibitiguaiara.frii.site\/index.php?rest_route=\/wp\/v2\/users\/1"}],"replies":[{"embeddable":true,"href":"https:\/\/ibitiguaiara.frii.site\/index.php?rest_route=%2Fwp%2Fv2%2Fcomments&post=16"}],"version-history":[{"count":0,"href":"https:\/\/ibitiguaiara.frii.site\/index.php?rest_route=\/wp\/v2\/pages\/16\/revisions"}],"wp:attachment":[{"href":"https:\/\/ibitiguaiara.frii.site\/index.php?rest_route=%2Fwp%2Fv2%2Fmedia&parent=16"}],"curies":[{"name":"wp","href":"https:\/\/api.w.org\/{rel}","templated":true}]}}