{"id":20,"date":"2025-12-23T15:35:45","date_gmt":"2025-12-23T15:35:45","guid":{"rendered":"https:\/\/ibitiguaiara.frii.site\/?page_id=20"},"modified":"2025-12-23T15:45:24","modified_gmt":"2025-12-23T15:45:24","slug":"mapas","status":"publish","type":"page","link":"https:\/\/ibitiguaiara.frii.site\/?page_id=20","title":{"rendered":"Mapas"},"content":{"rendered":"\n<p>Nesta p\u00e1gina, <strong>voc\u00ea pode encontrar<\/strong> uma galeria de <strong>mapas da regi\u00e3o do Ibitiguaia<\/strong>. Se quer que seu mapa apare\u00e7a aqui, envie um email para <a href=\"mailto:ibitiguaiara@post.com\">ibitiguaiara@post.com<\/a>.<\/p>\n\n\n\n<h2 class=\"wp-block-heading\">Mapas Topogr\u00e1ficos<\/h2>\n\n\n\n<figure class=\"wp-block-gallery has-nested-images columns-default is-cropped wp-block-gallery-1 is-layout-flex wp-block-gallery-is-layout-flex\">\n<figure class=\"wp-block-image size-large\"><img loading=\"lazy\" decoding=\"async\" width=\"1024\" height=\"627\" data-id=\"22\" src=\"https:\/\/ibitiguaiara.frii.site\/wp-content\/uploads\/2025\/12\/1000027085-1-1024x627.png\" alt=\"\" class=\"wp-image-22\" srcset=\"https:\/\/ibitiguaiara.frii.site\/wp-content\/uploads\/2025\/12\/1000027085-1-1024x627.png 1024w, https:\/\/ibitiguaiara.frii.site\/wp-content\/uploads\/2025\/12\/1000027085-1-300x184.png 300w, https:\/\/ibitiguaiara.frii.site\/wp-content\/uploads\/2025\/12\/1000027085-1-768x470.png 768w, https:\/\/ibitiguaiara.frii.site\/wp-content\/uploads\/2025\/12\/1000027085-1-1536x940.png 1536w, https:\/\/ibitiguaiara.frii.site\/wp-content\/uploads\/2025\/12\/1000027085-1.png 1701w\" sizes=\"auto, (max-width: 1024px) 100vw, 1024px\" \/><\/figure>\n\n\n\n<figure class=\"wp-block-image size-large\"><img loading=\"lazy\" decoding=\"async\" width=\"1024\" height=\"627\" data-id=\"24\" src=\"https:\/\/ibitiguaiara.frii.site\/wp-content\/uploads\/2025\/12\/1000027084-1024x627.png\" alt=\"\" class=\"wp-image-24\" srcset=\"https:\/\/ibitiguaiara.frii.site\/wp-content\/uploads\/2025\/12\/1000027084-1024x627.png 1024w, https:\/\/ibitiguaiara.frii.site\/wp-content\/uploads\/2025\/12\/1000027084-300x184.png 300w, https:\/\/ibitiguaiara.frii.site\/wp-content\/uploads\/2025\/12\/1000027084-768x470.png 768w, https:\/\/ibitiguaiara.frii.site\/wp-content\/uploads\/2025\/12\/1000027084-1536x940.png 1536w, https:\/\/ibitiguaiara.frii.site\/wp-content\/uploads\/2025\/12\/1000027084.png 1701w\" sizes=\"auto, (max-width: 1024px) 100vw, 1024px\" \/><\/figure>\n\n\n\n<figure class=\"wp-block-image size-large\"><img loading=\"lazy\" decoding=\"async\" width=\"1024\" height=\"627\" data-id=\"23\" src=\"https:\/\/ibitiguaiara.frii.site\/wp-content\/uploads\/2025\/12\/1000027083-1024x627.png\" alt=\"\" class=\"wp-image-23\" srcset=\"https:\/\/ibitiguaiara.frii.site\/wp-content\/uploads\/2025\/12\/1000027083-1024x627.png 1024w, https:\/\/ibitiguaiara.frii.site\/wp-content\/uploads\/2025\/12\/1000027083-300x184.png 300w, https:\/\/ibitiguaiara.frii.site\/wp-content\/uploads\/2025\/12\/1000027083-768x470.png 768w, https:\/\/ibitiguaiara.frii.site\/wp-content\/uploads\/2025\/12\/1000027083-1536x940.png 1536w, https:\/\/ibitiguaiara.frii.site\/wp-content\/uploads\/2025\/12\/1000027083.png 1701w\" sizes=\"auto, (max-width: 1024px) 100vw, 1024px\" \/><\/figure>\n\n\n\n<figure class=\"wp-block-image size-large\"><img loading=\"lazy\" decoding=\"async\" width=\"1024\" height=\"627\" data-id=\"25\" src=\"https:\/\/ibitiguaiara.frii.site\/wp-content\/uploads\/2025\/12\/1000027082-1-1024x627.png\" alt=\"\" class=\"wp-image-25\" srcset=\"https:\/\/ibitiguaiara.frii.site\/wp-content\/uploads\/2025\/12\/1000027082-1-1024x627.png 1024w, https:\/\/ibitiguaiara.frii.site\/wp-content\/uploads\/2025\/12\/1000027082-1-300x184.png 300w, https:\/\/ibitiguaiara.frii.site\/wp-content\/uploads\/2025\/12\/1000027082-1-768x470.png 768w, https:\/\/ibitiguaiara.frii.site\/wp-content\/uploads\/2025\/12\/1000027082-1-1536x940.png 1536w, https:\/\/ibitiguaiara.frii.site\/wp-content\/uploads\/2025\/12\/1000027082-1.png 1701w\" sizes=\"auto, (max-width: 1024px) 100vw, 1024px\" \/><\/figure>\n<\/figure>\n\n\n\n<h2 class=\"wp-block-heading\">Mapas como vetores e dados<\/h2>\n\n\n\n<p>Voc\u00ea pode encontrar os dados e os mapas em forma vetorial <a href=\"https:\/\/github.com\/Instituto-Leopoldinense-de-Geografia\/Mapas-Ibitiguaia\" data-type=\"link\" data-id=\"https:\/\/github.com\/Instituto-Leopoldinense-de-Geografia\/Mapas-Ibitiguaia\">neste reposit\u00f3rio<\/a> no GitHub.<\/p>\n","protected":false},"excerpt":{"rendered":"<p>Nesta p\u00e1gina, voc\u00ea pode encontrar uma galeria de mapas da regi\u00e3o do Ibitiguaia. Se quer que seu mapa apare\u00e7a aqui, envie um email para ibitiguaiara@post.com. Mapas Topogr\u00e1ficos Mapas como vetores e dados Voc\u00ea pode encontrar os dados e os mapas em forma vetorial neste reposit\u00f3rio no GitHub.<\/p>\n","protected":false},"author":1,"featured_media":0,"parent":0,"menu_order":0,"comment_status":"closed","ping_status":"closed","template":"","meta":{"footnotes":""},"class_list":["post-20","page","type-page","status-publish","hentry"],"_links":{"self":[{"href":"https:\/\/ibitiguaiara.frii.site\/index.php?rest_route=\/wp\/v2\/pages\/20","targetHints":{"allow":["GET"]}}],"collection":[{"href":"https:\/\/ibitiguaiara.frii.site\/index.php?rest_route=\/wp\/v2\/pages"}],"about":[{"href":"https:\/\/ibitiguaiara.frii.site\/index.php?rest_route=\/wp\/v2\/types\/page"}],"author":[{"embeddable":true,"href":"https:\/\/ibitiguaiara.frii.site\/index.php?rest_route=\/wp\/v2\/users\/1"}],"replies":[{"embeddable":true,"href":"https:\/\/ibitiguaiara.frii.site\/index.php?rest_route=%2Fwp%2Fv2%2Fcomments&post=20"}],"version-history":[{"count":0,"href":"https:\/\/ibitiguaiara.frii.site\/index.php?rest_route=\/wp\/v2\/pages\/20\/revisions"}],"wp:attachment":[{"href":"https:\/\/ibitiguaiara.frii.site\/index.php?rest_route=%2Fwp%2Fv2%2Fmedia&parent=20"}],"curies":[{"name":"wp","href":"https:\/\/api.w.org\/{rel}","templated":true}]}}